{"id":23727,"date":"2023-08-29T09:35:53","date_gmt":"2023-08-29T08:35:53","guid":{"rendered":"https:\/\/basyachts.com\/sobre-nosotros-2\/"},"modified":"2024-11-06T10:35:59","modified_gmt":"2024-11-06T10:35:59","slug":"sobre-nosotros-2","status":"publish","type":"page","link":"https:\/\/basyachts.com\/es\/sobre-nosotros-2\/","title":{"rendered":"Sobre Nosotros"},"content":{"rendered":"\t\t<div data-elementor-type=\"wp-page\" data-elementor-id=\"23727\" class=\"elementor elementor-23727 elementor-22188\" data-elementor-post-type=\"page\">\n\t\t\t\t\t\t<section class=\"elementor-section elementor-top-section elementor-element elementor-element-25f1811 elementor-section-full_width elementor-section-stretched elementor-section-height-default elementor-section-height-default sc_fly_static\" data-id=\"25f1811\" data-element_type=\"section\" data-settings=\"{&quot;background_background&quot;:&quot;classic&quot;,&quot;stretch_section&quot;:&quot;section-stretched&quot;}\">\n\t\t\t\t\t\t\t<div class=\"elementor-background-overlay\"><\/div>\n\t\t\t\t\t\t\t<div class=\"elementor-container elementor-column-gap-extended\">\n\t\t\t\t\t<div class=\"elementor-column elementor-col-100 elementor-top-column elementor-element elementor-element-dcfbcfd sc_content_align_inherit sc_layouts_column_icons_position_left sc_fly_static\" data-id=\"dcfbcfd\" data-element_type=\"column\">\n\t\t\t<div class=\"elementor-widget-wrap elementor-element-populated\">\n\t\t\t\t\t\t<div class=\"elementor-element elementor-element-7b0ceb0 sc_fly_static elementor-widget elementor-widget-spacer\" data-id=\"7b0ceb0\" data-element_type=\"widget\" data-widget_type=\"spacer.default\">\n\t\t\t\t\t\t\t<div class=\"elementor-spacer\">\n\t\t\t<div class=\"elementor-spacer-inner\"><\/div>\n\t\t<\/div>\n\t\t\t\t\t\t<\/div>\n\t\t\t\t<div class=\"elementor-element elementor-element-de696c3 sc_fly_static elementor-widget elementor-widget-heading\" data-id=\"de696c3\" data-element_type=\"widget\" data-widget_type=\"heading.default\">\n\t\t\t\t\t<h2 class=\"elementor-heading-title elementor-size-default\">Sobre Nosotros<\/h2>\t\t\t\t<\/div>\n\t\t\t\t<div class=\"elementor-element elementor-element-5ce779e sc_fly_static elementor-widget elementor-widget-spacer\" data-id=\"5ce779e\" data-element_type=\"widget\" data-widget_type=\"spacer.default\">\n\t\t\t\t\t\t\t<div class=\"elementor-spacer\">\n\t\t\t<div class=\"elementor-spacer-inner\"><\/div>\n\t\t<\/div>\n\t\t\t\t\t\t<\/div>\n\t\t\t\t<div class=\"elementor-element elementor-element-e9e67ec elementor-view-default sc_fly_static elementor-widget elementor-widget-icon\" data-id=\"e9e67ec\" data-element_type=\"widget\" data-widget_type=\"icon.default\">\n\t\t\t\t\t\t\t<div class=\"elementor-icon-wrapper\">\n\t\t\t<div class=\"elementor-icon\">\n\t\t\t<svg xmlns=\"http:\/\/www.w3.org\/2000\/svg\" width=\"20\" height=\"12\" viewBox=\"0 0 20 12\" fill=\"none\"><path d=\"M9.87836 11.0794L0.285355 1.48536C0.198771 1.40841 0.12883 1.31457 0.0798225 1.20962C0.0308151 1.10466 0.00377645 0.990795 0.00036807 0.87501C-0.00304031 0.759226 0.0172528 0.643966 0.0600013 0.536308C0.10275 0.42865 0.167051 0.330866 0.248959 0.248959C0.330866 0.167051 0.42865 0.10275 0.536308 0.0600013C0.643966 0.0172528 0.759227 -0.00304031 0.875011 0.00036807C0.990796 0.00377645 1.10466 0.0308142 1.20962 0.0798215C1.31457 0.128829 1.40841 0.198771 1.48536 0.285355L9.87635 8.67636L18.2694 0.285355C18.3463 0.198771 18.4401 0.128829 18.5451 0.0798215C18.6501 0.0308142 18.7639 0.00377645 18.8797 0.00036807C18.9955 -0.00304031 19.1107 0.0172528 19.2184 0.0600013C19.3261 0.10275 19.4238 0.167051 19.5058 0.248959C19.5877 0.330866 19.652 0.42865 19.6947 0.536308C19.7375 0.643966 19.7577 0.759226 19.7543 0.87501C19.7509 0.990795 19.7239 1.10466 19.6749 1.20962C19.6259 1.31457 19.5559 1.40841 19.4694 1.48536L9.87836 11.0794Z\" fill=\"#061138\"><\/path><\/svg>\t\t\t<\/div>\n\t\t<\/div>\n\t\t\t\t\t\t<\/div>\n\t\t\t\t\t<\/div>\n\t\t<\/div>\n\t\t\t\t\t<\/div>\n\t\t<\/section>\n\t\t\t\t<section class=\"elementor-section elementor-top-section elementor-element elementor-element-3cbcc1e elementor-section-boxed elementor-section-height-default elementor-section-height-default sc_fly_static\" data-id=\"3cbcc1e\" data-element_type=\"section\">\n\t\t\t\t\t\t<div class=\"elementor-container elementor-column-gap-no\">\n\t\t\t\t\t<div class=\"elementor-column elementor-col-50 elementor-top-column elementor-element elementor-element-ec6329f sc_content_align_inherit sc_layouts_column_icons_position_left sc_fly_static\" data-id=\"ec6329f\" data-element_type=\"column\">\n\t\t\t<div class=\"elementor-widget-wrap elementor-element-populated\">\n\t\t\t\t\t\t<div data-parallax-params=\"{&quot;parallax&quot;:1,&quot;flow&quot;:&quot;entrance&quot;,&quot;crop&quot;:&quot;none&quot;,&quot;ease&quot;:&quot;power1&quot;,&quot;transition&quot;:1,&quot;duration&quot;:0.5,&quot;delay&quot;:0,&quot;squeeze&quot;:1,&quot;text&quot;:&quot;block&quot;,&quot;text_separate&quot;:0,&quot;text_wrap&quot;:0,&quot;mouse&quot;:0,&quot;mouse_type&quot;:&quot;transform3d&quot;,&quot;mouse_tilt_amount&quot;:70,&quot;mouse_speed&quot;:10,&quot;mouse_z&quot;:&quot;&quot;,&quot;mouse_handler&quot;:&quot;row&quot;,&quot;range_start&quot;:0,&quot;range_end&quot;:20,&quot;sticky_offset&quot;:0,&quot;lag&quot;:0,&quot;x_start&quot;:-20,&quot;x_start_unit&quot;:&quot;px&quot;,&quot;x_end&quot;:0,&quot;x_end_unit&quot;:&quot;px&quot;,&quot;y_start&quot;:0,&quot;y_start_unit&quot;:&quot;px&quot;,&quot;y_end&quot;:0,&quot;y_end_unit&quot;:&quot;px&quot;,&quot;scale_start&quot;:100,&quot;scale_end&quot;:100,&quot;rotate_start&quot;:0,&quot;rotate_end&quot;:0,&quot;opacity_start&quot;:0,&quot;opacity_end&quot;:1,&quot;crop_start&quot;:0,&quot;crop_end&quot;:100,&quot;blur_start&quot;:0,&quot;blur_end&quot;:0,&quot;backdrop_blur_start&quot;:0,&quot;backdrop_blur_end&quot;:0}\" class=\"elementor-element elementor-element-ef84427 sc_parallax sc_parallax_entrance sc_fly_static elementor-widget elementor-widget-trx_sc_title\" data-id=\"ef84427\" data-element_type=\"widget\" data-widget_type=\"trx_sc_title.default\">\n\t\t\t\t<div class=\"elementor-widget-container\">\n\t\t\t\t\t<div\t\tclass=\"sc_title sc_title_default\" ><span class=\"sc_item_subtitle sc_title_subtitle sc_item_subtitle_above sc_item_title_style_default\">Comprometidos con usted <\/span><h1 class=\"sc_item_title sc_title_title sc_item_title_style_default sc_item_title_tag\"\n\t\t\t><span class=\"sc_item_title_text\">Conozca a Nuestro Fundador y CEO,<\/span><span class=\"sc_item_title_text2\"> Braian St\u00fcrtz - Experto en Yates con base en M\u00f3naco<\/span><\/h1><\/div>\t\t\t\t<\/div>\n\t\t\t\t<\/div>\n\t\t\t\t<div data-parallax-params=\"{&quot;parallax&quot;:1,&quot;flow&quot;:&quot;entrance&quot;,&quot;crop&quot;:&quot;none&quot;,&quot;ease&quot;:&quot;power1&quot;,&quot;transition&quot;:1,&quot;duration&quot;:0.5,&quot;delay&quot;:0,&quot;squeeze&quot;:1,&quot;text&quot;:&quot;block&quot;,&quot;text_separate&quot;:0,&quot;text_wrap&quot;:0,&quot;mouse&quot;:0,&quot;mouse_type&quot;:&quot;transform3d&quot;,&quot;mouse_tilt_amount&quot;:70,&quot;mouse_speed&quot;:10,&quot;mouse_z&quot;:&quot;&quot;,&quot;mouse_handler&quot;:&quot;row&quot;,&quot;range_start&quot;:0,&quot;range_end&quot;:20,&quot;sticky_offset&quot;:0,&quot;lag&quot;:0,&quot;x_start&quot;:-20,&quot;x_start_unit&quot;:&quot;px&quot;,&quot;x_end&quot;:0,&quot;x_end_unit&quot;:&quot;px&quot;,&quot;y_start&quot;:0,&quot;y_start_unit&quot;:&quot;px&quot;,&quot;y_end&quot;:0,&quot;y_end_unit&quot;:&quot;px&quot;,&quot;scale_start&quot;:100,&quot;scale_end&quot;:100,&quot;rotate_start&quot;:0,&quot;rotate_end&quot;:0,&quot;opacity_start&quot;:0,&quot;opacity_end&quot;:1,&quot;crop_start&quot;:0,&quot;crop_end&quot;:100,&quot;blur_start&quot;:0,&quot;blur_end&quot;:0,&quot;backdrop_blur_start&quot;:0,&quot;backdrop_blur_end&quot;:0}\" class=\"elementor-element elementor-element-31a00b4 sc_parallax sc_parallax_entrance sc_fly_static elementor-widget elementor-widget-text-editor\" data-id=\"31a00b4\" data-element_type=\"widget\" data-widget_type=\"text-editor.default\">\n\t\t\t\t\t\t\t\t\t<p>Braian St\u00fcrtz, Fundador y CEO de BAS Yachts, es un experto en yates afincado en M\u00f3naco, apasionado por el mar, la navegaci\u00f3n y los yates de lujo.<br \/>Debido a su paso como tripulante y capit\u00e1n, Braian posee un profundo conocimiento t\u00e9cnico y administrativo de la industria. <br \/>Sus servicios personalizados abarcan todos los aspectos del mundo de los yates, incluyendo la compra o venta, el alquiler y la nueva construcci\u00f3n de yates. Su gran pasi\u00f3n por la perfeccion lo lleva a un meticuloso proceso para conseguir satisfacer las necesidades de los clientes mas exigentes. <br \/>Habiendo vivido, estudiado y trabajado en las Islas Baleares, la carrera n\u00e1utica de Braian se extiende por todo el mundo, desde el Caribe hasta lo m\u00e1s profundo del Mediterr\u00e1neo, pasando por el Oc\u00e9ano Atl\u00e1ntico y sus espectaculares Islas Canarias, la costa espa\u00f1ola y sus maravillosas Islas Baleares, la Costa Azul, M\u00f3naco, It\u00e0lia, Croacia, Grecia, Turqu\u00eda, hasta la coste norte de \u00c1frica sobre el Mediterr\u00e1neo.<\/p><p>Con un espa\u00f1ol, ingl\u00e9s, italiano y portugu\u00e9s fluido, Braian supera las barreras culturales y ling\u00fc\u00edsticas, ofreciendo servicios n\u00e1uticos de alcance verdaderamente global.<br \/>Nacido en Argentina y criado en Mallorca, Braian ha cultivado desde siempre una pasi\u00f3n por el mar, la navegaci\u00f3n, los yates de lujo, que se complementa con su pasi\u00f3n y atenci\u00f3n por los detalles. Su compromiso con la excelencia asegura que cada aspecto de sus servicios contribuya a una experiencia impecable e inolvidable tanto como para propietarios de yates, charters y aficionados a los superyates.<\/p><p>\u00a0<\/p>\t\t\t\t\t\t\t\t<\/div>\n\t\t\t\t\t<\/div>\n\t\t<\/div>\n\t\t\t\t<div class=\"elementor-column elementor-col-25 elementor-top-column elementor-element elementor-element-28c58e5 up-translateZ sc_content_align_inherit sc_layouts_column_icons_position_left sc_fly_static\" data-id=\"28c58e5\" data-element_type=\"column\">\n\t\t\t<div class=\"elementor-widget-wrap elementor-element-populated\">\n\t\t\t\t\t\t<div class=\"elementor-element elementor-element-5a0b66f sc_fly_static elementor-widget elementor-widget-spacer\" data-id=\"5a0b66f\" data-element_type=\"widget\" data-widget_type=\"spacer.default\">\n\t\t\t\t\t\t\t<div class=\"elementor-spacer\">\n\t\t\t<div class=\"elementor-spacer-inner\"><\/div>\n\t\t<\/div>\n\t\t\t\t\t\t<\/div>\n\t\t\t\t<div class=\"elementor-element elementor-element-b488c05 sc_fly_static elementor-widget elementor-widget-spacer\" data-id=\"b488c05\" data-element_type=\"widget\" data-widget_type=\"spacer.default\">\n\t\t\t\t\t\t\t<div class=\"elementor-spacer\">\n\t\t\t<div class=\"elementor-spacer-inner\"><\/div>\n\t\t<\/div>\n\t\t\t\t\t\t<\/div>\n\t\t\t\t\t<\/div>\n\t\t<\/div>\n\t\t\t\t<div class=\"elementor-column elementor-col-25 elementor-top-column elementor-element elementor-element-17e171f sc_content_align_inherit sc_layouts_column_icons_position_left sc_fly_static\" data-id=\"17e171f\" data-element_type=\"column\">\n\t\t\t<div class=\"elementor-widget-wrap elementor-element-populated\">\n\t\t\t\t\t\t<div class=\"elementor-element elementor-element-a3c26a0 up-translateZ no-title sc_fly_static elementor-widget elementor-widget-image\" data-id=\"a3c26a0\" data-element_type=\"widget\" data-widget_type=\"image.default\">\n\t\t\t\t\t\t\t\t\t\t\t\t\t\t\t<img fetchpriority=\"high\" decoding=\"async\" width=\"1024\" height=\"683\" src=\"https:\/\/basyachts.com\/wp-content\/uploads\/2023\/01\/BRAIAN_2.jpg\" class=\"attachment-catamaran-thumb-huge size-catamaran-thumb-huge wp-image-22750\" alt=\"\" srcset=\"https:\/\/basyachts.com\/wp-content\/uploads\/2023\/01\/BRAIAN_2.jpg 1024w, https:\/\/basyachts.com\/wp-content\/uploads\/2023\/01\/BRAIAN_2-300x200.jpg 300w, https:\/\/basyachts.com\/wp-content\/uploads\/2023\/01\/BRAIAN_2-768x512.jpg 768w, https:\/\/basyachts.com\/wp-content\/uploads\/2023\/01\/BRAIAN_2-370x247.jpg 370w, https:\/\/basyachts.com\/wp-content\/uploads\/2023\/01\/BRAIAN_2-840x560.jpg 840w, https:\/\/basyachts.com\/wp-content\/uploads\/2023\/01\/BRAIAN_2-410x273.jpg 410w, https:\/\/basyachts.com\/wp-content\/uploads\/2023\/01\/BRAIAN_2-600x400.jpg 600w\" sizes=\"(max-width: 1024px) 100vw, 1024px\" \/>\t\t\t\t\t\t\t\t\t\t\t\t\t\t\t<\/div>\n\t\t\t\t<div class=\"elementor-element elementor-element-bad0d41 sc_fly_static elementor-widget elementor-widget-spacer\" data-id=\"bad0d41\" data-element_type=\"widget\" data-widget_type=\"spacer.default\">\n\t\t\t\t\t\t\t<div class=\"elementor-spacer\">\n\t\t\t<div class=\"elementor-spacer-inner\"><\/div>\n\t\t<\/div>\n\t\t\t\t\t\t<\/div>\n\t\t\t\t\t<\/div>\n\t\t<\/div>\n\t\t\t\t\t<\/div>\n\t\t<\/section>\n\t\t\t\t<section class=\"elementor-section elementor-top-section elementor-element elementor-element-69d251f elementor-section-boxed elementor-section-height-default elementor-section-height-default sc_fly_static\" data-id=\"69d251f\" data-element_type=\"section\" data-settings=\"{&quot;background_background&quot;:&quot;classic&quot;}\">\n\t\t\t\t\t\t<div class=\"elementor-container elementor-column-gap-extended\">\n\t\t\t\t\t<div class=\"elementor-column elementor-col-100 elementor-top-column elementor-element elementor-element-ff3f4a1 sc_content_align_inherit sc_layouts_column_icons_position_left sc_fly_static\" data-id=\"ff3f4a1\" data-element_type=\"column\">\n\t\t\t<div class=\"elementor-widget-wrap elementor-element-populated\">\n\t\t\t\t\t\t<section class=\"elementor-section elementor-inner-section elementor-element elementor-element-90956c9 elementor-section-content-middle elementor-section-boxed elementor-section-height-default elementor-section-height-default sc_fly_static\" data-id=\"90956c9\" data-element_type=\"section\">\n\t\t\t\t\t\t<div class=\"elementor-container elementor-column-gap-no\">\n\t\t\t\t\t<div class=\"elementor-column elementor-col-50 elementor-inner-column elementor-element elementor-element-ec6a82b sc_content_align_inherit sc_layouts_column_icons_position_left sc_fly_static\" data-id=\"ec6a82b\" data-element_type=\"column\">\n\t\t\t<div class=\"elementor-widget-wrap elementor-element-populated\">\n\t\t\t\t\t\t<section class=\"elementor-section elementor-inner-section elementor-element elementor-element-8056e7f elementor-section-boxed elementor-section-height-default elementor-section-height-default sc_fly_static\" data-id=\"8056e7f\" data-element_type=\"section\">\n\t\t\t\t\t\t<div class=\"elementor-container elementor-column-gap-extended\">\n\t\t\t\t\t<div class=\"elementor-column elementor-col-100 elementor-inner-column elementor-element elementor-element-21a3f89 sc_content_align_inherit sc_layouts_column_icons_position_left sc_fly_static\" data-id=\"21a3f89\" data-element_type=\"column\">\n\t\t\t<div class=\"elementor-widget-wrap elementor-element-populated\">\n\t\t\t\t\t\t<section class=\"elementor-section elementor-inner-section elementor-element elementor-element-54adb77 elementor-section-boxed elementor-section-height-default elementor-section-height-default sc_fly_static\" data-id=\"54adb77\" data-element_type=\"section\">\n\t\t\t\t\t\t<div class=\"elementor-container elementor-column-gap-no\">\n\t\t\t\t\t<div class=\"elementor-column elementor-col-100 elementor-inner-column elementor-element elementor-element-5f8a658 sc_content_align_inherit sc_layouts_column_icons_position_left sc_fly_static\" data-id=\"5f8a658\" data-element_type=\"column\">\n\t\t\t<div class=\"elementor-widget-wrap elementor-element-populated\">\n\t\t\t\t\t\t<div class=\"elementor-element elementor-element-f0554d2 no-title sc_fly_static elementor-widget elementor-widget-image\" data-id=\"f0554d2\" data-element_type=\"widget\" data-widget_type=\"image.default\">\n\t\t\t\t\t\t\t\t\t\t\t\t\t\t\t<img decoding=\"async\" src=\"https:\/\/basyachts.com\/wp-content\/uploads\/elementor\/thumbs\/Mangusta92_3-r7e525mv0lls81uejx3i8pc4e8at29awpe2mcvdabs.jpg\" title=\"Mangusta92_3\" alt=\"Mangusta92_3\" loading=\"lazy\" \/>\t\t\t\t\t\t\t\t\t\t\t\t\t\t\t<\/div>\n\t\t\t\t<div class=\"elementor-element elementor-element-231107d sc_height_large sc_layouts_hide_on_mobile sc_fly_static elementor-widget elementor-widget-spacer\" data-id=\"231107d\" data-element_type=\"widget\" data-widget_type=\"spacer.default\">\n\t\t\t\t\t\t\t<div class=\"elementor-spacer\">\n\t\t\t<div class=\"elementor-spacer-inner\"><\/div>\n\t\t<\/div>\n\t\t\t\t\t\t<\/div>\n\t\t\t\t\t<\/div>\n\t\t<\/div>\n\t\t\t\t\t<\/div>\n\t\t<\/section>\n\t\t\t\t\t<\/div>\n\t\t<\/div>\n\t\t\t\t\t<\/div>\n\t\t<\/section>\n\t\t\t\t\t<\/div>\n\t\t<\/div>\n\t\t\t\t<div class=\"elementor-column elementor-col-50 elementor-inner-column elementor-element elementor-element-57104bc sc_content_align_inherit sc_layouts_column_icons_position_left sc_fly_static\" data-id=\"57104bc\" data-element_type=\"column\">\n\t\t\t<div class=\"elementor-widget-wrap elementor-element-populated\">\n\t\t\t\t\t\t<div class=\"elementor-element elementor-element-f4f45b5 sc_fly_static elementor-widget elementor-widget-trx_sc_title\" data-id=\"f4f45b5\" data-element_type=\"widget\" data-widget_type=\"trx_sc_title.default\">\n\t\t\t\t<div class=\"elementor-widget-container\">\n\t\t\t\t\t<div\t\tclass=\"sc_title sc_title_default\" ><h1 class=\"sc_item_title sc_title_title sc_item_title_style_default sc_item_title_tag\"\n\t\t\t><span class=\"sc_item_title_text\">Servicios N\u00e1uticos Inigualables Adaptados a Tus Necesidades<\/span><\/h1><\/div>\t\t\t\t<\/div>\n\t\t\t\t<\/div>\n\t\t\t\t<div class=\"elementor-element elementor-element-6991c9e sc_fly_static elementor-widget elementor-widget-text-editor\" data-id=\"6991c9e\" data-element_type=\"widget\" data-widget_type=\"text-editor.default\">\n\t\t\t\t\t\t\t\t\t<p>En BAS Yachts, estamos dedicados a ofrecer los mejores servicios n\u00e1uticos que priorizan tanto una hospitalidad impecable como una experiencia inolvidable. Nuestro compromiso con la satisfacci\u00f3n del cliente se refleja en nuestros leales clientes, referidos, testimonio de la experiencia excepcional que brindamos en charters de yates de lujo, ventas de yates y nuevas construcciones.<br \/><br \/>En la alta y competitiva industria n\u00e1utica, donde las ofertas de servicios pueden parecer similares, BAS Yachts se destaca por su servicio personalizado, experiencia local en regiones clave como M\u00f3naco, las Islas Baleares, el Mediterr\u00e1neo, y una red global de socios de confianza. Nuestro enfoque garantiza soluciones excepcionales y personalizadas para cada cliente, ya sea que busques comprar, vender o alquilar un yate.<\/p><p>La transparencia, integridad y confiabilidad son nuestros pilares, asegurando una experiencia fluida y sin complicaciones mientras te guiamos para encontrar el yate perfecto o satisfacer cualquier necesidad espec\u00edfica en el \u00e1mbito n\u00e1utico.<br \/>Con d\u00e9cadas de experiencia en el sector de yates de lujo, BAS Yachts est\u00e1 en una posici\u00f3n \u00fanica para anticipar y abordar todos tus deseos n\u00e1uticos. Vamos m\u00e1s all\u00e1 de las expectativas, ofreciendo un servicio de clase mundial que realmente redefine el lujo en la navegaci\u00f3n.<\/p><p>En BAS Yachts, tu satisfacci\u00f3n es nuestra m\u00e1xima prioridad. Perm\u00edtenos brindarte una experiencia n\u00e1utica a medida que supere todas tus expectativas.<\/p>\t\t\t\t\t\t\t\t<\/div>\n\t\t\t\t\t<\/div>\n\t\t<\/div>\n\t\t\t\t\t<\/div>\n\t\t<\/section>\n\t\t\t\t\t<\/div>\n\t\t<\/div>\n\t\t\t\t\t<\/div>\n\t\t<\/section>\n\t\t\t\t<section class=\"elementor-section elementor-top-section elementor-element elementor-element-69bac89 elementor-section-stretched scheme_dark elementor-section-boxed elementor-section-height-default elementor-section-height-default sc_fly_static\" data-id=\"69bac89\" data-element_type=\"section\" data-settings=\"{&quot;stretch_section&quot;:&quot;section-stretched&quot;,&quot;background_background&quot;:&quot;classic&quot;}\">\n\t\t\t\t\t\t\t<div class=\"elementor-background-overlay\"><\/div>\n\t\t\t\t\t\t\t<div class=\"elementor-container elementor-column-gap-extended\">\n\t\t\t\t\t<div class=\"elementor-column elementor-col-100 elementor-top-column elementor-element elementor-element-6a78a70 sc_content_align_inherit sc_layouts_column_icons_position_left sc_fly_static\" data-id=\"6a78a70\" data-element_type=\"column\">\n\t\t\t<div class=\"elementor-widget-wrap elementor-element-populated\">\n\t\t\t\t\t\t<div class=\"elementor-element elementor-element-288aea5 sc_height_huge sc_fly_static elementor-widget elementor-widget-spacer\" data-id=\"288aea5\" data-element_type=\"widget\" data-widget_type=\"spacer.default\">\n\t\t\t\t\t\t\t<div class=\"elementor-spacer\">\n\t\t\t<div class=\"elementor-spacer-inner\"><\/div>\n\t\t<\/div>\n\t\t\t\t\t\t<\/div>\n\t\t\t\t<div class=\"elementor-element elementor-element-a6a84dc sc_fly_static elementor-widget elementor-widget-spacer\" data-id=\"a6a84dc\" data-element_type=\"widget\" data-widget_type=\"spacer.default\">\n\t\t\t\t\t\t\t<div class=\"elementor-spacer\">\n\t\t\t<div class=\"elementor-spacer-inner\"><\/div>\n\t\t<\/div>\n\t\t\t\t\t\t<\/div>\n\t\t\t\t<div class=\"elementor-element elementor-element-30f1257 sc_fly_static elementor-widget elementor-widget-trx_sc_title\" data-id=\"30f1257\" data-element_type=\"widget\" data-widget_type=\"trx_sc_title.default\">\n\t\t\t\t<div class=\"elementor-widget-container\">\n\t\t\t\t\t<div\t\tclass=\"sc_title sc_title_default\" ><span class=\"sc_item_subtitle sc_title_subtitle sc_align_center sc_item_subtitle_above sc_item_title_style_default\">ALQUILER DE YATES<\/span><h1 class=\"sc_item_title sc_title_title sc_align_center sc_item_title_style_default sc_item_title_tag sc_typed\"\n\t\t\t><span class=\"sc_item_title_text\">\u00bfEs usted propietario de un yate? <\/br> \u00bfQuiere alquilar su yate?<\/span><\/h1><div\tclass=\"sc_item_button sc_button_wrap sc_align_center sc_item_button sc_item_button_default sc_item_button_size_normal sc_title_button\"><a href=\"https:\/\/basyachts.com\/es\/contacto\/\" class=\"sc_button sc_button_default sc_button_size_normal sc_button_icon_left\"><span class=\"sc_button_text\"><span class=\"sc_button_title\">CONT\u00c1CTENOS<\/span><\/span><\/a><\/div><\/div>\t\t\t\t<\/div>\n\t\t\t\t<\/div>\n\t\t\t\t<div class=\"elementor-element elementor-element-a278466 sc_fly_static elementor-widget elementor-widget-spacer\" data-id=\"a278466\" data-element_type=\"widget\" data-widget_type=\"spacer.default\">\n\t\t\t\t\t\t\t<div class=\"elementor-spacer\">\n\t\t\t<div class=\"elementor-spacer-inner\"><\/div>\n\t\t<\/div>\n\t\t\t\t\t\t<\/div>\n\t\t\t\t<div class=\"elementor-element elementor-element-e6659ce sc_height_huge sc_fly_static elementor-widget elementor-widget-spacer\" data-id=\"e6659ce\" data-element_type=\"widget\" data-widget_type=\"spacer.default\">\n\t\t\t\t\t\t\t<div class=\"elementor-spacer\">\n\t\t\t<div class=\"elementor-spacer-inner\"><\/div>\n\t\t<\/div>\n\t\t\t\t\t\t<\/div>\n\t\t\t\t\t<\/div>\n\t\t<\/div>\n\t\t\t\t\t<\/div>\n\t\t<\/section>\n\t\t\t\t<section class=\"elementor-section elementor-top-section elementor-element elementor-element-0dcd35c elementor-section-boxed elementor-section-height-default elementor-section-height-default sc_fly_static\" data-id=\"0dcd35c\" data-element_type=\"section\">\n\t\t\t\t\t\t<div class=\"elementor-container elementor-column-gap-extended\">\n\t\t\t\t\t<div class=\"elementor-column elementor-col-100 elementor-top-column elementor-element elementor-element-c41b5f2 sc_content_align_inherit sc_layouts_column_icons_position_left sc_fly_static\" data-id=\"c41b5f2\" data-element_type=\"column\">\n\t\t\t<div class=\"elementor-widget-wrap\">\n\t\t\t\t\t\t\t<\/div>\n\t\t<\/div>\n\t\t\t\t\t<\/div>\n\t\t<\/section>\n\t\t\t\t<\/div>\n\t\t","protected":false},"excerpt":{"rendered":"<p>Sobre Nosotros Comprometidos con usted Conozca a Nuestro Fundador y CEO, Braian St\u00fcrtz &#8211; Experto en Yates con base en M\u00f3naco Braian St\u00fcrtz, Fundador y CEO de BAS Yachts, es&hellip;<\/p>\n","protected":false},"author":2,"featured_media":23542,"parent":0,"menu_order":0,"comment_status":"closed","ping_status":"closed","template":"","meta":{"_price":"","_stock":"","_tribe_ticket_header":"","_tribe_default_ticket_provider":"","_tribe_ticket_capacity":"0","_ticket_start_date":"","_ticket_end_date":"","_tribe_ticket_show_description":"","_tribe_ticket_show_not_going":false,"_tribe_ticket_use_global_stock":"","_tribe_ticket_global_stock_level":"","_global_stock_mode":"","_global_stock_cap":"","_tribe_rsvp_for_event":"","_tribe_ticket_going_count":"","_tribe_ticket_not_going_count":"","_tribe_tickets_list":"[]","_tribe_ticket_has_attendee_info_fields":false,"_EventAllDay":false,"_EventTimezone":"","_EventStartDate":"","_EventEndDate":"","_EventStartDateUTC":"","_EventEndDateUTC":"","_EventShowMap":false,"_EventShowMapLink":false,"_EventURL":"","_EventCost":"","_EventCostDescription":"","_EventCurrencySymbol":"","_EventCurrencyCode":"","_EventCurrencyPosition":"","_EventDateTimeSeparator":"","_EventTimeRangeSeparator":"","_EventOrganizerID":[],"_EventVenueID":[],"_OrganizerEmail":"","_OrganizerPhone":"","_OrganizerWebsite":"","_VenueAddress":"","_VenueCity":"","_VenueCountry":"","_VenueProvince":"","_VenueState":"","_VenueZip":"","_VenuePhone":"","_VenueURL":"","_VenueStateProvince":"","_VenueLat":"","_VenueLng":"","_VenueShowMap":false,"_VenueShowMapLink":false,"footnotes":"","_tec_slr_enabled":"","_tec_slr_layout":""},"class_list":["post-23727","page","type-page","status-publish","has-post-thumbnail","hentry"],"ticketed":false,"_links":{"self":[{"href":"https:\/\/basyachts.com\/es\/wp-json\/wp\/v2\/pages\/23727","targetHints":{"allow":["GET"]}}],"collection":[{"href":"https:\/\/basyachts.com\/es\/wp-json\/wp\/v2\/pages"}],"about":[{"href":"https:\/\/basyachts.com\/es\/wp-json\/wp\/v2\/types\/page"}],"author":[{"embeddable":true,"href":"https:\/\/basyachts.com\/es\/wp-json\/wp\/v2\/users\/2"}],"replies":[{"embeddable":true,"href":"https:\/\/basyachts.com\/es\/wp-json\/wp\/v2\/comments?post=23727"}],"version-history":[{"count":13,"href":"https:\/\/basyachts.com\/es\/wp-json\/wp\/v2\/pages\/23727\/revisions"}],"predecessor-version":[{"id":24038,"href":"https:\/\/basyachts.com\/es\/wp-json\/wp\/v2\/pages\/23727\/revisions\/24038"}],"wp:featuredmedia":[{"embeddable":true,"href":"https:\/\/basyachts.com\/es\/wp-json\/wp\/v2\/media\/23542"}],"wp:attachment":[{"href":"https:\/\/basyachts.com\/es\/wp-json\/wp\/v2\/media?parent=23727"}],"curies":[{"name":"wp","href":"https:\/\/api.w.org\/{rel}","templated":true}]}}