{"id":23824,"date":"2023-08-29T09:35:53","date_gmt":"2023-08-29T08:35:53","guid":{"rendered":"https:\/\/basyachts.com\/ueber-uns-2\/"},"modified":"2024-11-27T09:48:43","modified_gmt":"2024-11-27T09:48:43","slug":"ueber-uns-2","status":"publish","type":"page","link":"https:\/\/basyachts.com\/de\/ueber-uns-2\/","title":{"rendered":"\u00dcber uns"},"content":{"rendered":"\t\t<div data-elementor-type=\"wp-page\" data-elementor-id=\"23824\" class=\"elementor elementor-23824 elementor-22188\" data-elementor-post-type=\"page\">\n\t\t\t\t\t\t<section class=\"elementor-section elementor-top-section elementor-element elementor-element-25f1811 elementor-section-boxed elementor-section-height-default elementor-section-height-default sc_fly_static\" data-id=\"25f1811\" data-element_type=\"section\" data-settings=\"{&quot;background_background&quot;:&quot;classic&quot;}\">\n\t\t\t\t\t\t\t<div class=\"elementor-background-overlay\"><\/div>\n\t\t\t\t\t\t\t<div class=\"elementor-container elementor-column-gap-extended\">\n\t\t\t\t\t<div class=\"elementor-column elementor-col-100 elementor-top-column elementor-element elementor-element-dcfbcfd sc_content_align_inherit sc_layouts_column_icons_position_left sc_fly_static\" data-id=\"dcfbcfd\" data-element_type=\"column\">\n\t\t\t<div class=\"elementor-widget-wrap elementor-element-populated\">\n\t\t\t\t\t\t<div class=\"elementor-element elementor-element-7b0ceb0 sc_fly_static elementor-widget elementor-widget-spacer\" data-id=\"7b0ceb0\" data-element_type=\"widget\" data-widget_type=\"spacer.default\">\n\t\t\t\t\t\t\t<div class=\"elementor-spacer\">\n\t\t\t<div class=\"elementor-spacer-inner\"><\/div>\n\t\t<\/div>\n\t\t\t\t\t\t<\/div>\n\t\t\t\t<div class=\"elementor-element elementor-element-de696c3 sc_fly_static elementor-widget elementor-widget-heading\" data-id=\"de696c3\" data-element_type=\"widget\" data-widget_type=\"heading.default\">\n\t\t\t\t\t<h2 class=\"elementor-heading-title elementor-size-default\">\u00dcber uns<\/h2>\t\t\t\t<\/div>\n\t\t\t\t<div class=\"elementor-element elementor-element-5ce779e sc_fly_static elementor-widget elementor-widget-spacer\" data-id=\"5ce779e\" data-element_type=\"widget\" data-widget_type=\"spacer.default\">\n\t\t\t\t\t\t\t<div class=\"elementor-spacer\">\n\t\t\t<div class=\"elementor-spacer-inner\"><\/div>\n\t\t<\/div>\n\t\t\t\t\t\t<\/div>\n\t\t\t\t<div class=\"elementor-element elementor-element-e9e67ec elementor-view-default sc_fly_static elementor-widget elementor-widget-icon\" data-id=\"e9e67ec\" data-element_type=\"widget\" data-widget_type=\"icon.default\">\n\t\t\t\t\t\t\t<div class=\"elementor-icon-wrapper\">\n\t\t\t<div class=\"elementor-icon\">\n\t\t\t<svg xmlns=\"http:\/\/www.w3.org\/2000\/svg\" width=\"20\" height=\"12\" viewBox=\"0 0 20 12\" fill=\"none\"><path d=\"M9.87836 11.0794L0.285355 1.48536C0.198771 1.40841 0.12883 1.31457 0.0798225 1.20962C0.0308151 1.10466 0.00377645 0.990795 0.00036807 0.87501C-0.00304031 0.759226 0.0172528 0.643966 0.0600013 0.536308C0.10275 0.42865 0.167051 0.330866 0.248959 0.248959C0.330866 0.167051 0.42865 0.10275 0.536308 0.0600013C0.643966 0.0172528 0.759227 -0.00304031 0.875011 0.00036807C0.990796 0.00377645 1.10466 0.0308142 1.20962 0.0798215C1.31457 0.128829 1.40841 0.198771 1.48536 0.285355L9.87635 8.67636L18.2694 0.285355C18.3463 0.198771 18.4401 0.128829 18.5451 0.0798215C18.6501 0.0308142 18.7639 0.00377645 18.8797 0.00036807C18.9955 -0.00304031 19.1107 0.0172528 19.2184 0.0600013C19.3261 0.10275 19.4238 0.167051 19.5058 0.248959C19.5877 0.330866 19.652 0.42865 19.6947 0.536308C19.7375 0.643966 19.7577 0.759226 19.7543 0.87501C19.7509 0.990795 19.7239 1.10466 19.6749 1.20962C19.6259 1.31457 19.5559 1.40841 19.4694 1.48536L9.87836 11.0794Z\" fill=\"#061138\"><\/path><\/svg>\t\t\t<\/div>\n\t\t<\/div>\n\t\t\t\t\t\t<\/div>\n\t\t\t\t\t<\/div>\n\t\t<\/div>\n\t\t\t\t\t<\/div>\n\t\t<\/section>\n\t\t\t\t<section class=\"elementor-section elementor-top-section elementor-element elementor-element-3cbcc1e elementor-section-boxed elementor-section-height-default elementor-section-height-default sc_fly_static\" data-id=\"3cbcc1e\" data-element_type=\"section\">\n\t\t\t\t\t\t<div class=\"elementor-container elementor-column-gap-no\">\n\t\t\t\t\t<div class=\"elementor-column elementor-col-50 elementor-top-column elementor-element elementor-element-ec6329f sc_content_align_inherit sc_layouts_column_icons_position_left sc_fly_static\" data-id=\"ec6329f\" data-element_type=\"column\">\n\t\t\t<div class=\"elementor-widget-wrap elementor-element-populated\">\n\t\t\t\t\t\t<div data-parallax-params=\"{&quot;parallax&quot;:1,&quot;flow&quot;:&quot;entrance&quot;,&quot;crop&quot;:&quot;none&quot;,&quot;ease&quot;:&quot;power1&quot;,&quot;transition&quot;:1,&quot;duration&quot;:0.5,&quot;delay&quot;:0,&quot;squeeze&quot;:1,&quot;text&quot;:&quot;block&quot;,&quot;text_separate&quot;:0,&quot;text_wrap&quot;:0,&quot;mouse&quot;:0,&quot;mouse_type&quot;:&quot;transform3d&quot;,&quot;mouse_tilt_amount&quot;:70,&quot;mouse_speed&quot;:10,&quot;mouse_z&quot;:&quot;&quot;,&quot;mouse_handler&quot;:&quot;row&quot;,&quot;range_start&quot;:0,&quot;range_end&quot;:20,&quot;sticky_offset&quot;:0,&quot;lag&quot;:0,&quot;x_start&quot;:-20,&quot;x_start_unit&quot;:&quot;px&quot;,&quot;x_end&quot;:0,&quot;x_end_unit&quot;:&quot;px&quot;,&quot;y_start&quot;:0,&quot;y_start_unit&quot;:&quot;px&quot;,&quot;y_end&quot;:0,&quot;y_end_unit&quot;:&quot;px&quot;,&quot;scale_start&quot;:100,&quot;scale_end&quot;:100,&quot;rotate_start&quot;:0,&quot;rotate_end&quot;:0,&quot;opacity_start&quot;:0,&quot;opacity_end&quot;:1,&quot;crop_start&quot;:0,&quot;crop_end&quot;:100,&quot;blur_start&quot;:0,&quot;blur_end&quot;:0,&quot;backdrop_blur_start&quot;:0,&quot;backdrop_blur_end&quot;:0}\" class=\"elementor-element elementor-element-ef84427 sc_parallax sc_parallax_entrance sc_fly_static elementor-widget elementor-widget-trx_sc_title\" data-id=\"ef84427\" data-element_type=\"widget\" data-widget_type=\"trx_sc_title.default\">\n\t\t\t\t<div class=\"elementor-widget-container\">\n\t\t\t\t\t<div\t\tclass=\"sc_title sc_title_default\" ><span class=\"sc_item_subtitle sc_title_subtitle sc_item_subtitle_above sc_item_title_style_default\">F\u00dcR SIE ENGAGIERT <\/span><h1 class=\"sc_item_title sc_title_title sc_item_title_style_default sc_item_title_tag\"\n\t\t\t><span class=\"sc_item_title_text\">Treffen Sie Braian St\u00fcrtz, den Gr\u00fcnder und Gesch\u00e4ftsf\u00fchrer <\/span><span class=\"sc_item_title_text2\">- ein Experte f\u00fcr Yachten, der seinen Sitz in Monaco hat.<\/span><\/h1><\/div>\t\t\t\t<\/div>\n\t\t\t\t<\/div>\n\t\t\t\t<div data-parallax-params=\"{&quot;parallax&quot;:1,&quot;flow&quot;:&quot;entrance&quot;,&quot;crop&quot;:&quot;none&quot;,&quot;ease&quot;:&quot;power1&quot;,&quot;transition&quot;:1,&quot;duration&quot;:0.5,&quot;delay&quot;:0,&quot;squeeze&quot;:1,&quot;text&quot;:&quot;block&quot;,&quot;text_separate&quot;:0,&quot;text_wrap&quot;:0,&quot;mouse&quot;:0,&quot;mouse_type&quot;:&quot;transform3d&quot;,&quot;mouse_tilt_amount&quot;:70,&quot;mouse_speed&quot;:10,&quot;mouse_z&quot;:&quot;&quot;,&quot;mouse_handler&quot;:&quot;row&quot;,&quot;range_start&quot;:0,&quot;range_end&quot;:20,&quot;sticky_offset&quot;:0,&quot;lag&quot;:0,&quot;x_start&quot;:-20,&quot;x_start_unit&quot;:&quot;px&quot;,&quot;x_end&quot;:0,&quot;x_end_unit&quot;:&quot;px&quot;,&quot;y_start&quot;:0,&quot;y_start_unit&quot;:&quot;px&quot;,&quot;y_end&quot;:0,&quot;y_end_unit&quot;:&quot;px&quot;,&quot;scale_start&quot;:100,&quot;scale_end&quot;:100,&quot;rotate_start&quot;:0,&quot;rotate_end&quot;:0,&quot;opacity_start&quot;:0,&quot;opacity_end&quot;:1,&quot;crop_start&quot;:0,&quot;crop_end&quot;:100,&quot;blur_start&quot;:0,&quot;blur_end&quot;:0,&quot;backdrop_blur_start&quot;:0,&quot;backdrop_blur_end&quot;:0}\" class=\"elementor-element elementor-element-31a00b4 sc_parallax sc_parallax_entrance sc_fly_static elementor-widget elementor-widget-text-editor\" data-id=\"31a00b4\" data-element_type=\"widget\" data-widget_type=\"text-editor.default\">\n\t\t\t\t\t\t\t\t\t<p>Braian St\u00fcrtz, der Gr\u00fcnder und Gesch\u00e4ftsf\u00fchrer von BAS Yachts, ist ein Yachtexperte mit Sitz in Monaco. Er hat eine Leidenschaft f\u00fcr Luxusyachten und verf\u00fcgt \u00fcber umfangreiches technisches Wissen. Mit Erfahrung sowohl als Crewmitglied als auch als Kapit\u00e4n, hat Braian ein umfassendes Verst\u00e4ndnis der Yachtbranche. Seine ma\u00dfgeschneiderten Dienstleistungen decken alle Bereiche ab, von Yachtverkauf und -charter bis hin zu Neubauten &#8211; alles genau auf die Bed\u00fcrfnisse anspruchsvoller Kunden abgestimmt. Braians Yachtkarriere erstreckt sich \u00fcber den gesamten Globus, von S\u00fcdamerika bis Europa. Er spricht flie\u00dfend Spanisch, Englisch, Italienisch und Portugiesisch, was ihm erm\u00f6glicht, kulturelle und sprachliche Grenzen zu \u00fcberwinden und weltweit Yachtdienstleistungen anzubieten. Als geb\u00fcrtiger Argentinier, der auf Mallorca aufgewachsen ist, wird Braians lebenslange Leidenschaft f\u00fcr das Meer, Luxusyachten und Entdeckungen durch seine akribische Sorgfalt erg\u00e4nzt. Sein Streben nach Perfektion stellt sicher, dass jeder Aspekt seiner Dienstleistungen ein nahtloses und unvergessliches Erlebnis f\u00fcr Yachtbesitzer, Charterg\u00e4ste und Superyacht-Enthusiasten bietet.<\/p><p>Braian hat in den Balearen gelebt, studiert und gearbeitet, ist jedoch auch in anderen Teilen der Welt gereist, wie in S\u00fcdamerika, in der Karibik, in Griechenland, der T\u00fcrkei, Kroatien, Italien, Monaco und Frankreich. Als wahrer Weltb\u00fcrger beherrscht er flie\u00dfend drei Sprachen, wobei Spanisch seine Muttersprache ist; er spricht auch Englisch, Italienisch und Portugiesisch.<\/p><p>Geboren in Argentinien und aufgewachsen auf Mallorca, hat er eine Passion f\u00fcr die Meere, das Segeln, das Reisen und er liebt es, auf dem Wasser zu sein. Selbstverst\u00e4ndlich hat er auch eine Leidenschaft f\u00fcr Luxus, Perfektion sowie hohe Standards. Er ist sehr detailorientiert und glaubt fest daran, dass jedes kleine Detail z\u00e4hlt und dass dies die perfekte \u00dcbereinstimmung zwischen Eigent\u00fcmern, Kunden und Superyachten schafft.<\/p>\t\t\t\t\t\t\t\t<\/div>\n\t\t\t\t\t<\/div>\n\t\t<\/div>\n\t\t\t\t<div class=\"elementor-column elementor-col-25 elementor-top-column elementor-element elementor-element-28c58e5 up-translateZ sc_content_align_inherit sc_layouts_column_icons_position_left sc_fly_static\" data-id=\"28c58e5\" data-element_type=\"column\">\n\t\t\t<div class=\"elementor-widget-wrap elementor-element-populated\">\n\t\t\t\t\t\t<div class=\"elementor-element elementor-element-5a0b66f sc_fly_static elementor-widget elementor-widget-spacer\" data-id=\"5a0b66f\" data-element_type=\"widget\" data-widget_type=\"spacer.default\">\n\t\t\t\t\t\t\t<div class=\"elementor-spacer\">\n\t\t\t<div class=\"elementor-spacer-inner\"><\/div>\n\t\t<\/div>\n\t\t\t\t\t\t<\/div>\n\t\t\t\t<div class=\"elementor-element elementor-element-b488c05 sc_fly_static elementor-widget elementor-widget-spacer\" data-id=\"b488c05\" data-element_type=\"widget\" data-widget_type=\"spacer.default\">\n\t\t\t\t\t\t\t<div class=\"elementor-spacer\">\n\t\t\t<div class=\"elementor-spacer-inner\"><\/div>\n\t\t<\/div>\n\t\t\t\t\t\t<\/div>\n\t\t\t\t\t<\/div>\n\t\t<\/div>\n\t\t\t\t<div class=\"elementor-column elementor-col-25 elementor-top-column elementor-element elementor-element-17e171f sc_content_align_inherit sc_layouts_column_icons_position_left sc_fly_static\" data-id=\"17e171f\" data-element_type=\"column\">\n\t\t\t<div class=\"elementor-widget-wrap elementor-element-populated\">\n\t\t\t\t\t\t<div class=\"elementor-element elementor-element-a3c26a0 up-translateZ no-title sc_fly_static elementor-widget elementor-widget-image\" data-id=\"a3c26a0\" data-element_type=\"widget\" data-widget_type=\"image.default\">\n\t\t\t\t\t\t\t\t\t\t\t\t\t\t\t<img fetchpriority=\"high\" decoding=\"async\" width=\"1024\" height=\"683\" src=\"https:\/\/basyachts.com\/wp-content\/uploads\/2023\/01\/BRAIAN_2.jpg\" class=\"attachment-catamaran-thumb-huge size-catamaran-thumb-huge wp-image-22749\" alt=\"\" srcset=\"https:\/\/basyachts.com\/wp-content\/uploads\/2023\/01\/BRAIAN_2.jpg 1024w, https:\/\/basyachts.com\/wp-content\/uploads\/2023\/01\/BRAIAN_2-300x200.jpg 300w, https:\/\/basyachts.com\/wp-content\/uploads\/2023\/01\/BRAIAN_2-768x512.jpg 768w, https:\/\/basyachts.com\/wp-content\/uploads\/2023\/01\/BRAIAN_2-370x247.jpg 370w, https:\/\/basyachts.com\/wp-content\/uploads\/2023\/01\/BRAIAN_2-840x560.jpg 840w, https:\/\/basyachts.com\/wp-content\/uploads\/2023\/01\/BRAIAN_2-410x273.jpg 410w, https:\/\/basyachts.com\/wp-content\/uploads\/2023\/01\/BRAIAN_2-600x400.jpg 600w\" sizes=\"(max-width: 1024px) 100vw, 1024px\" \/>\t\t\t\t\t\t\t\t\t\t\t\t\t\t\t<\/div>\n\t\t\t\t<div class=\"elementor-element elementor-element-bad0d41 sc_fly_static elementor-widget elementor-widget-spacer\" data-id=\"bad0d41\" data-element_type=\"widget\" data-widget_type=\"spacer.default\">\n\t\t\t\t\t\t\t<div class=\"elementor-spacer\">\n\t\t\t<div class=\"elementor-spacer-inner\"><\/div>\n\t\t<\/div>\n\t\t\t\t\t\t<\/div>\n\t\t\t\t\t<\/div>\n\t\t<\/div>\n\t\t\t\t\t<\/div>\n\t\t<\/section>\n\t\t\t\t<section class=\"elementor-section elementor-top-section elementor-element elementor-element-69d251f elementor-section-boxed elementor-section-height-default elementor-section-height-default sc_fly_static\" data-id=\"69d251f\" data-element_type=\"section\" data-settings=\"{&quot;background_background&quot;:&quot;classic&quot;}\">\n\t\t\t\t\t\t<div class=\"elementor-container elementor-column-gap-extended\">\n\t\t\t\t\t<div class=\"elementor-column elementor-col-100 elementor-top-column elementor-element elementor-element-ff3f4a1 sc_content_align_inherit sc_layouts_column_icons_position_left sc_fly_static\" data-id=\"ff3f4a1\" data-element_type=\"column\">\n\t\t\t<div class=\"elementor-widget-wrap elementor-element-populated\">\n\t\t\t\t\t\t<section class=\"elementor-section elementor-inner-section elementor-element elementor-element-90956c9 elementor-section-content-middle elementor-section-boxed elementor-section-height-default elementor-section-height-default sc_fly_static\" data-id=\"90956c9\" data-element_type=\"section\">\n\t\t\t\t\t\t<div class=\"elementor-container elementor-column-gap-no\">\n\t\t\t\t\t<div class=\"elementor-column elementor-col-50 elementor-inner-column elementor-element elementor-element-ec6a82b sc_content_align_inherit sc_layouts_column_icons_position_left sc_fly_static\" data-id=\"ec6a82b\" data-element_type=\"column\">\n\t\t\t<div class=\"elementor-widget-wrap elementor-element-populated\">\n\t\t\t\t\t\t<section class=\"elementor-section elementor-inner-section elementor-element elementor-element-8056e7f elementor-section-boxed elementor-section-height-default elementor-section-height-default sc_fly_static\" data-id=\"8056e7f\" data-element_type=\"section\">\n\t\t\t\t\t\t<div class=\"elementor-container elementor-column-gap-extended\">\n\t\t\t\t\t<div class=\"elementor-column elementor-col-100 elementor-inner-column elementor-element elementor-element-21a3f89 sc_content_align_inherit sc_layouts_column_icons_position_left sc_fly_static\" data-id=\"21a3f89\" data-element_type=\"column\">\n\t\t\t<div class=\"elementor-widget-wrap elementor-element-populated\">\n\t\t\t\t\t\t<section class=\"elementor-section elementor-inner-section elementor-element elementor-element-54adb77 elementor-section-boxed elementor-section-height-default elementor-section-height-default sc_fly_static\" data-id=\"54adb77\" data-element_type=\"section\">\n\t\t\t\t\t\t<div class=\"elementor-container elementor-column-gap-no\">\n\t\t\t\t\t<div class=\"elementor-column elementor-col-100 elementor-inner-column elementor-element elementor-element-5f8a658 sc_content_align_inherit sc_layouts_column_icons_position_left sc_fly_static\" data-id=\"5f8a658\" data-element_type=\"column\">\n\t\t\t<div class=\"elementor-widget-wrap elementor-element-populated\">\n\t\t\t\t\t\t<div class=\"elementor-element elementor-element-f0554d2 no-title sc_fly_static elementor-widget elementor-widget-image\" data-id=\"f0554d2\" data-element_type=\"widget\" data-widget_type=\"image.default\">\n\t\t\t\t\t\t\t\t\t\t\t\t\t\t\t<img decoding=\"async\" src=\"https:\/\/basyachts.com\/wp-content\/uploads\/elementor\/thumbs\/Mangusta92_3-r7e525mv0lls81uejx3i8pc4e8at29awpe2mcvdabs.jpg\" title=\"Mangusta92_3\" alt=\"Mangusta92_3\" loading=\"lazy\" \/>\t\t\t\t\t\t\t\t\t\t\t\t\t\t\t<\/div>\n\t\t\t\t<div class=\"elementor-element elementor-element-231107d sc_height_large sc_layouts_hide_on_mobile sc_fly_static elementor-widget elementor-widget-spacer\" data-id=\"231107d\" data-element_type=\"widget\" data-widget_type=\"spacer.default\">\n\t\t\t\t\t\t\t<div class=\"elementor-spacer\">\n\t\t\t<div class=\"elementor-spacer-inner\"><\/div>\n\t\t<\/div>\n\t\t\t\t\t\t<\/div>\n\t\t\t\t\t<\/div>\n\t\t<\/div>\n\t\t\t\t\t<\/div>\n\t\t<\/section>\n\t\t\t\t\t<\/div>\n\t\t<\/div>\n\t\t\t\t\t<\/div>\n\t\t<\/section>\n\t\t\t\t\t<\/div>\n\t\t<\/div>\n\t\t\t\t<div class=\"elementor-column elementor-col-50 elementor-inner-column elementor-element elementor-element-57104bc sc_content_align_inherit sc_layouts_column_icons_position_left sc_fly_static\" data-id=\"57104bc\" data-element_type=\"column\">\n\t\t\t<div class=\"elementor-widget-wrap elementor-element-populated\">\n\t\t\t\t\t\t<div class=\"elementor-element elementor-element-f4f45b5 sc_fly_static elementor-widget elementor-widget-trx_sc_title\" data-id=\"f4f45b5\" data-element_type=\"widget\" data-widget_type=\"trx_sc_title.default\">\n\t\t\t\t<div class=\"elementor-widget-container\">\n\t\t\t\t\t<div\t\tclass=\"sc_title sc_title_default\" ><h1 class=\"sc_item_title sc_title_title sc_item_title_style_default sc_item_title_tag\"\n\t\t\t><span class=\"sc_item_title_text\">Un\u00fcbertroffener Yachtservice, speziell auf Ihre Anforderungen zugeschnitten. <\/span><\/h1><\/div>\t\t\t\t<\/div>\n\t\t\t\t<\/div>\n\t\t\t\t<div class=\"elementor-element elementor-element-6991c9e sc_fly_static elementor-widget elementor-widget-text-editor\" data-id=\"6991c9e\" data-element_type=\"widget\" data-widget_type=\"text-editor.default\">\n\t\t\t\t\t\t\t\t\t<p>Bei BAS Yachts spezialisieren wir uns darauf, Yachtdienstleistungen von h\u00f6chster Qualit\u00e4t anzubieten, die sowohl erstklassigen Kundenservice als auch zuverl\u00e4ssige Expertise betonen. Unser Engagement f\u00fcr die Kundenzufriedenheit spiegelt sich in unserer treuen Stammkundschaft und den vielen Empfehlungen wider, die ein au\u00dfergew\u00f6hnliches Erlebnis beim Luxus-Yachtcharter, -verkauf und -neubau belegen. In einer hart umk\u00e4mpften Branche, in der Serviceangebote oft \u00e4hnlich erscheinen, hebt sich BAS Yachts durch einen personalisierten Service und lokales Fachwissen in Schl\u00fcsselregionen wie Monaco, den Balearischen Inseln und dem Mittelmeer sowie durch ein globales Netzwerk vertrauensw\u00fcrdiger Partner ab. Unser Ansatz garantiert ma\u00dfgeschneiderte, au\u00dfergew\u00f6hnliche L\u00f6sungen f\u00fcr jeden Kunden, unabh\u00e4ngig davon, ob Sie eine Yacht kaufen, verkaufen oder chartern m\u00f6chten.<\/p><p>Transparenz, Integrit\u00e4t und Zuverl\u00e4ssigkeit sind die Grundlagen unseres Handelns und gew\u00e4hrleisten ein reibungsloses und stressfreies Erlebnis, w\u00e4hrend wir Ihnen dabei helfen, die perfekte Yacht zu finden oder spezifische Yachting-Anforderungen zu erf\u00fcllen. Mit jahrzehntelanger Erfahrung im Luxus-Yachting-Sektor ist BAS Yachts einzigartig positioniert, um all Ihre W\u00fcnsche im Yachting-Bereich zu erf\u00fcllen und sogar zu \u00fcbertreffen. Wir bieten einen erstklassigen Service, der das Luxus-Yachting neu definiert, und setzen dabei Ihre Zufriedenheit an erste Stelle. Die Leistung \u00fcbertrifft die Erwartungen.<\/p>\t\t\t\t\t\t\t\t<\/div>\n\t\t\t\t\t<\/div>\n\t\t<\/div>\n\t\t\t\t\t<\/div>\n\t\t<\/section>\n\t\t\t\t\t<\/div>\n\t\t<\/div>\n\t\t\t\t\t<\/div>\n\t\t<\/section>\n\t\t\t\t<section class=\"elementor-section elementor-top-section elementor-element elementor-element-69bac89 elementor-section-stretched scheme_dark elementor-section-boxed elementor-section-height-default elementor-section-height-default sc_fly_static\" data-id=\"69bac89\" data-element_type=\"section\" data-settings=\"{&quot;stretch_section&quot;:&quot;section-stretched&quot;,&quot;background_background&quot;:&quot;classic&quot;}\">\n\t\t\t\t\t\t\t<div class=\"elementor-background-overlay\"><\/div>\n\t\t\t\t\t\t\t<div class=\"elementor-container elementor-column-gap-extended\">\n\t\t\t\t\t<div class=\"elementor-column elementor-col-100 elementor-top-column elementor-element elementor-element-6a78a70 sc_content_align_inherit sc_layouts_column_icons_position_left sc_fly_static\" data-id=\"6a78a70\" data-element_type=\"column\">\n\t\t\t<div class=\"elementor-widget-wrap elementor-element-populated\">\n\t\t\t\t\t\t<div class=\"elementor-element elementor-element-288aea5 sc_height_huge sc_fly_static elementor-widget elementor-widget-spacer\" data-id=\"288aea5\" data-element_type=\"widget\" data-widget_type=\"spacer.default\">\n\t\t\t\t\t\t\t<div class=\"elementor-spacer\">\n\t\t\t<div class=\"elementor-spacer-inner\"><\/div>\n\t\t<\/div>\n\t\t\t\t\t\t<\/div>\n\t\t\t\t<div class=\"elementor-element elementor-element-a6a84dc sc_fly_static elementor-widget elementor-widget-spacer\" data-id=\"a6a84dc\" data-element_type=\"widget\" data-widget_type=\"spacer.default\">\n\t\t\t\t\t\t\t<div class=\"elementor-spacer\">\n\t\t\t<div class=\"elementor-spacer-inner\"><\/div>\n\t\t<\/div>\n\t\t\t\t\t\t<\/div>\n\t\t\t\t<div class=\"elementor-element elementor-element-30f1257 sc_fly_static elementor-widget elementor-widget-trx_sc_title\" data-id=\"30f1257\" data-element_type=\"widget\" data-widget_type=\"trx_sc_title.default\">\n\t\t\t\t<div class=\"elementor-widget-container\">\n\t\t\t\t\t<div\t\tclass=\"sc_title sc_title_default\" ><span class=\"sc_item_subtitle sc_title_subtitle sc_align_center sc_item_subtitle_above sc_item_title_style_default\">YACHT-CHARTERS<\/span><h1 class=\"sc_item_title sc_title_title sc_align_center sc_item_title_style_default sc_item_title_tag sc_typed\"\n\t\t\t><span class=\"sc_item_title_text\">Sind Sie ein Yachtbesitzer? <\/br> M\u00f6chten Sie Ihre Yacht vechartern?<\/span><\/h1><div\tclass=\"sc_item_button sc_button_wrap sc_align_center sc_item_button sc_item_button_default sc_item_button_size_normal sc_title_button\"><a href=\"https:\/\/basyachts.com\/de\/kontakt\/\" class=\"sc_button sc_button_default sc_button_size_normal sc_button_icon_left\"><span class=\"sc_button_text\"><span class=\"sc_button_title\">KONTAKTIEREN SIE UNS<\/span><\/span><\/a><\/div><\/div>\t\t\t\t<\/div>\n\t\t\t\t<\/div>\n\t\t\t\t<div class=\"elementor-element elementor-element-a278466 sc_fly_static elementor-widget elementor-widget-spacer\" data-id=\"a278466\" data-element_type=\"widget\" data-widget_type=\"spacer.default\">\n\t\t\t\t\t\t\t<div class=\"elementor-spacer\">\n\t\t\t<div class=\"elementor-spacer-inner\"><\/div>\n\t\t<\/div>\n\t\t\t\t\t\t<\/div>\n\t\t\t\t<div class=\"elementor-element elementor-element-e6659ce sc_height_huge sc_fly_static elementor-widget elementor-widget-spacer\" data-id=\"e6659ce\" data-element_type=\"widget\" data-widget_type=\"spacer.default\">\n\t\t\t\t\t\t\t<div class=\"elementor-spacer\">\n\t\t\t<div class=\"elementor-spacer-inner\"><\/div>\n\t\t<\/div>\n\t\t\t\t\t\t<\/div>\n\t\t\t\t\t<\/div>\n\t\t<\/div>\n\t\t\t\t\t<\/div>\n\t\t<\/section>\n\t\t\t\t<section class=\"elementor-section elementor-top-section elementor-element elementor-element-0dcd35c elementor-section-boxed elementor-section-height-default elementor-section-height-default sc_fly_static\" data-id=\"0dcd35c\" data-element_type=\"section\">\n\t\t\t\t\t\t<div class=\"elementor-container elementor-column-gap-extended\">\n\t\t\t\t\t<div class=\"elementor-column elementor-col-100 elementor-top-column elementor-element elementor-element-c41b5f2 sc_content_align_inherit sc_layouts_column_icons_position_left sc_fly_static\" data-id=\"c41b5f2\" data-element_type=\"column\">\n\t\t\t<div class=\"elementor-widget-wrap\">\n\t\t\t\t\t\t\t<\/div>\n\t\t<\/div>\n\t\t\t\t\t<\/div>\n\t\t<\/section>\n\t\t\t\t<\/div>\n\t\t","protected":false},"excerpt":{"rendered":"<p>\u00dcber uns F\u00dcR SIE ENGAGIERT Treffen Sie Braian St\u00fcrtz, den Gr\u00fcnder und Gesch\u00e4ftsf\u00fchrer &#8211; ein Experte f\u00fcr Yachten, der seinen Sitz in Monaco hat. Braian St\u00fcrtz, der Gr\u00fcnder und Gesch\u00e4ftsf\u00fchrer&hellip;<\/p>\n","protected":false},"author":2,"featured_media":23541,"parent":0,"menu_order":0,"comment_status":"closed","ping_status":"closed","template":"","meta":{"_price":"","_stock":"","_tribe_ticket_header":"","_tribe_default_ticket_provider":"","_tribe_ticket_capacity":"0","_ticket_start_date":"","_ticket_end_date":"","_tribe_ticket_show_description":"","_tribe_ticket_show_not_going":false,"_tribe_ticket_use_global_stock":"","_tribe_ticket_global_stock_level":"","_global_stock_mode":"","_global_stock_cap":"","_tribe_rsvp_for_event":"","_tribe_ticket_going_count":"","_tribe_ticket_not_going_count":"","_tribe_tickets_list":"[]","_tribe_ticket_has_attendee_info_fields":false,"_EventAllDay":false,"_EventTimezone":"","_EventStartDate":"","_EventEndDate":"","_EventStartDateUTC":"","_EventEndDateUTC":"","_EventShowMap":false,"_EventShowMapLink":false,"_EventURL":"","_EventCost":"","_EventCostDescription":"","_EventCurrencySymbol":"","_EventCurrencyCode":"","_EventCurrencyPosition":"","_EventDateTimeSeparator":"","_EventTimeRangeSeparator":"","_EventOrganizerID":[],"_EventVenueID":[],"_OrganizerEmail":"","_OrganizerPhone":"","_OrganizerWebsite":"","_VenueAddress":"","_VenueCity":"","_VenueCountry":"","_VenueProvince":"","_VenueState":"","_VenueZip":"","_VenuePhone":"","_VenueURL":"","_VenueStateProvince":"","_VenueLat":"","_VenueLng":"","_VenueShowMap":false,"_VenueShowMapLink":false,"footnotes":"","_tec_slr_enabled":"","_tec_slr_layout":""},"class_list":["post-23824","page","type-page","status-publish","has-post-thumbnail","hentry"],"ticketed":false,"_links":{"self":[{"href":"https:\/\/basyachts.com\/de\/wp-json\/wp\/v2\/pages\/23824","targetHints":{"allow":["GET"]}}],"collection":[{"href":"https:\/\/basyachts.com\/de\/wp-json\/wp\/v2\/pages"}],"about":[{"href":"https:\/\/basyachts.com\/de\/wp-json\/wp\/v2\/types\/page"}],"author":[{"embeddable":true,"href":"https:\/\/basyachts.com\/de\/wp-json\/wp\/v2\/users\/2"}],"replies":[{"embeddable":true,"href":"https:\/\/basyachts.com\/de\/wp-json\/wp\/v2\/comments?post=23824"}],"version-history":[{"count":4,"href":"https:\/\/basyachts.com\/de\/wp-json\/wp\/v2\/pages\/23824\/revisions"}],"predecessor-version":[{"id":24143,"href":"https:\/\/basyachts.com\/de\/wp-json\/wp\/v2\/pages\/23824\/revisions\/24143"}],"wp:featuredmedia":[{"embeddable":true,"href":"https:\/\/basyachts.com\/de\/wp-json\/wp\/v2\/media\/23541"}],"wp:attachment":[{"href":"https:\/\/basyachts.com\/de\/wp-json\/wp\/v2\/media?parent=23824"}],"curies":[{"name":"wp","href":"https:\/\/api.w.org\/{rel}","templated":true}]}}